{"id":51,"date":"2025-03-18T17:15:37","date_gmt":"2025-03-18T17:15:37","guid":{"rendered":"https:\/\/nevi-evy.eu\/web\/about\/"},"modified":"2025-08-25T07:17:23","modified_gmt":"2025-08-25T07:17:23","slug":"about","status":"publish","type":"page","link":"https:\/\/nevi-evy.eu\/web\/about\/","title":{"rendered":"About Us"},"content":{"rendered":"<body>\n\n\n\r\n<h4>NEETcraft Initiative: Innovations for Empowering Youth with Disabilities (NEVI-EVY)<\/h4>\r\n\n\r\n<p>The project aims to increase employment chances and job quality among young persons with disabilities. We will achieve this goal by developing, testing, evaluating, and popularising Job Crafting, an innovative model of work with unemployed individuals. Job Crafting is an approach that offers extensive support from a job crafter who accompanies unemployed individuals not only during the job search but also during employment. Job crafters enhance the sense of control and agency that allows employees to shape their tasks and relationships in the workplace. We have been using this method for several years. It effectively improved job satisfaction, engagement, and overall well-being among individuals with disabilities. Despite its high effectiveness, this model is not yet popular among service providers in the EU. Within this project, we will tailor the model to the specific needs of young persons with disabilities, accounting also for gender differences. European experts from various countries will co-design the model to increase mutual learning and make the model more universal and possible to replicate in other contexts. We will test and evaluate the effectiveness of Job Crafting in Poland and Slovenia. We will support young, jobless persons with disabilities, including NEETs and inhabitants of rural areas. They have fewer job opportunities and worse access to PES services. We will use our experience and networks to conduct an effective outreach. After the testing phase, we will prepare the final version of the model. To scale up Job Crafting, we will train European NGOs, Public Employment Services and other service providers so that they can use it in their daily work. Thanks to a strong research component, we will reach academics and researchers. To increase the project\u2019s long-term impact, we will engage European policy-makers in our events (workshop, European parliament hearing, conference) to discuss how to mainstream disability in EU policies and services.<\/p>\r\n\n\n\n\n\n<p>Lorem Ipsum has been the industry\u2019s standard dummy text ever since the 1500s.<\/p>\n\n\n<p><a href=\"https:\/\/nevi-evy.eu\/web\/wp-content\/uploads\/2025\/07\/Flyer-A4-NEVI-EVY-EN.pdf\" style=\"color: rgb(0, 0, 0);\"><img class=\"svg-flag-image\" style=\"display:block; width:5em; height:auto;\"src=\"https:\/\/nevi-evy.eu\/web\/wp-content\/plugins\/svg-flags-lite\/assets\/flag-icon-css\/flags\/4x3\/gb.svg\">\u00a0<span style=\"font-family: Arial;\">NEETcraft Initiative: Innovations for Empowering Youth with Disabilities<\/span><\/a><\/p>\n<p><a href=\"https:\/\/nevi-evy.eu\/web\/wp-content\/uploads\/2025\/07\/Flyer-A4-NEVI-EVY-PL.pdf\" style=\"color: rgb(0, 0, 0);\"><span style=\"color: #3c434a; font-family: Consolas, Monaco, monospace; font-size: 13px; text-align: center; background-color: rgba(0, 0, 0, 0.07);\"><img class=\"svg-flag-image\" style=\"display:block; width:5em; height:auto;\"src=\"https:\/\/nevi-evy.eu\/web\/wp-content\/plugins\/svg-flags-lite\/assets\/flag-icon-css\/flags\/4x3\/pl.svg\"><\/span><span style=\"font-family: Arial;\"><span style=\"color: #3c434a; font-size: 13px;\">Inicjatywa NEETcraft: Innowacje na rzecz wzmocnienia\u00a0<\/span><span style=\"color: #3c434a; font-size: 13px;\">pozycji m\u0142odzie\u017cy z niepe\u0142nosprawno\u015bciami na rynku pracy<\/span><\/span><\/a><\/p>\n<p><a href=\"https:\/\/nevi-evy.eu\/web\/wp-content\/uploads\/2025\/08\/Flyer-A4-NEVI-EVY-SI.pdf\" style=\"color: rgb(0, 0, 0);\"><span style=\"color: #3c434a; font-family: Consolas, Monaco, monospace; font-size: 13px; text-align: center; background-color: rgba(0, 0, 0, 0.07);\"><img class=\"svg-flag-image\" style=\"display:block; width:5em; height:auto;\"src=\"https:\/\/nevi-evy.eu\/web\/wp-content\/plugins\/svg-flags-lite\/assets\/flag-icon-css\/flags\/4x3\/si.svg\"><\/span><span style=\"font-family: Arial; font-size: 10pt;\">Pobuda NEETcraft: Inovacije za opolnomo\u010denje mladih s posebnimi potrebami<\/span><\/a><\/p>\n<p><a href=\"https:\/\/nevi-evy.eu\/web\/wp-content\/uploads\/2025\/07\/Flyer-A4-NEVI-EVY-ES.pdf\" style=\"color: rgb(0, 0, 0);\"><span style=\"color: #3c434a; font-family: Consolas, Monaco, monospace; font-size: 13px; text-align: center; background-color: rgba(0, 0, 0, 0.07);\"><img class=\"svg-flag-image\" style=\"display:block; width:5em; height:auto;\"src=\"https:\/\/nevi-evy.eu\/web\/wp-content\/plugins\/svg-flags-lite\/assets\/flag-icon-css\/flags\/4x3\/es.svg\">\u00a0<\/span><span style=\"font-family: Arial; font-size: 10pt;\">Iniciativa NEETcraft: Innovaciones para empoderar a los j\u00f3venes con discapacidades<\/span><\/a><\/p>\n<p><span style=\"color: #3c434a; font-family: Consolas, Monaco, monospace; font-size: 13px; text-align: center; background-color: rgba(0, 0, 0, 0.07);\"><img class=\"svg-flag-image\" style=\"display:block; width:5em; height:auto;\"src=\"https:\/\/nevi-evy.eu\/web\/wp-content\/plugins\/svg-flags-lite\/assets\/flag-icon-css\/flags\/4x3\/it.svg\"><\/span><span style=\"color: #3c434a; font-family: Arial; font-size: 13px;\">Iniziativa NEETcraft: Innovazioni per l\u2019Empowerment dei Giovani con Disabilit\u00e0<\/span><\/p>\n<p><span style=\"color: #3c434a; font-family: Consolas, Monaco, monospace; font-size: 13px; text-align: center; background-color: rgba(0, 0, 0, 0.07);\"><img class=\"svg-flag-image\" style=\"display:block; width:5em; height:auto;\"src=\"https:\/\/nevi-evy.eu\/web\/wp-content\/plugins\/svg-flags-lite\/assets\/flag-icon-css\/flags\/4x3\/lt.svg\"><\/span><span style=\"color: #3c434a; font-family: Arial; font-size: 13px;\">NEETcraft iniciatyva: Inovacijos, \u012fgalinan\u010dios jaunim\u0105 su negalia<\/span><\/p>\n<p><span style=\"color: #3c434a; font-family: Consolas, Monaco, monospace; font-size: 13px; text-align: center; background-color: rgba(0, 0, 0, 0.07);\"><img class=\"svg-flag-image\" style=\"display:block; width:5em; height:auto;\"src=\"https:\/\/nevi-evy.eu\/web\/wp-content\/plugins\/svg-flags-lite\/assets\/flag-icon-css\/flags\/4x3\/al.svg\"><\/span><span style=\"color: #3c434a; font-family: Arial; font-size: 13px;\">Iniciativa NEETcraft: Inovacionet p\u00ebr fuqizimin e t\u00eb rinjve me aft\u00ebsi t\u00eb kufizuara<\/span><\/p>\n<p><span style=\"color: #3c434a; font-family: Consolas, Monaco, monospace; font-size: 13px; text-align: center; background-color: rgba(0, 0, 0, 0.07);\"><img class=\"svg-flag-image\" style=\"display:block; width:5em; height:auto;\"src=\"https:\/\/nevi-evy.eu\/web\/wp-content\/plugins\/svg-flags-lite\/assets\/flag-icon-css\/flags\/4x3\/bg.svg\"><\/span><span style=\"color: #3c434a; font-family: Arial; font-size: 13px;\">\u0418\u043d\u0438\u0446\u0438\u0430\u0442\u0438\u0432\u0430 NEETcraft: \u0418\u043d\u043e\u0432\u0430\u0446\u0438\u0438 \u0437\u0430 \u043e\u0432\u043b\u0430\u0441\u0442\u044f\u0432\u0430\u043d\u0435 \u043d\u0430 \u043c\u043b\u0430\u0434\u0435\u0436\u0438 \u0441 \u0443\u0432\u0440\u0435\u0436\u0434\u0430\u043d\u0438\u044f<\/span><\/p>\n<p><span style=\"color: #3c434a; font-family: Consolas, Monaco, monospace; font-size: 13px; text-align: center; background-color: rgba(0, 0, 0, 0.07);\"><img class=\"svg-flag-image\" style=\"display:block; width:5em; height:auto;\"src=\"https:\/\/nevi-evy.eu\/web\/wp-content\/plugins\/svg-flags-lite\/assets\/flag-icon-css\/flags\/4x3\/mk.svg\"><\/span><span style=\"color: #3c434a; font-family: Arial; font-size: 13px;\">\u0418\u043d\u0438\u0446\u0438\u0458\u0430\u0442\u0438\u0432\u0430 NEETcraft: \u0418\u043d\u043e\u0432\u0430\u0446\u0438\u0438 \u0437\u0430 \u0437\u0430\u0458\u0430\u043a\u043d\u0443\u0432\u0430\u045a\u0435 \u043d\u0430 \u043c\u043b\u0430\u0434\u0438 \u0441\u043e \u043f\u043e\u043f\u0440\u0435\u0447\u0435\u043d\u043e\u0441\u0442<\/span><\/p>\n<p><span style=\"color: #3c434a; font-family: Consolas, Monaco, monospace; font-size: 13px; text-align: center; background-color: rgba(0, 0, 0, 0.07);\"><img class=\"svg-flag-image\" style=\"display:block; width:5em; height:auto;\"src=\"https:\/\/nevi-evy.eu\/web\/wp-content\/plugins\/svg-flags-lite\/assets\/flag-icon-css\/flags\/4x3\/pt.svg\"><\/span><span style=\"color: #3c434a; font-family: Arial; font-size: 13px;\">Iniciativa NEETcraft: Inova\u00e7\u00f5es para capacitar jovens com defici\u00eancia<\/span><\/p>\n<p><span style=\"color: #3c434a; font-family: Consolas, Monaco, monospace; font-size: 13px; text-align: center; background-color: rgba(0, 0, 0, 0.07);\"><img class=\"svg-flag-image\" style=\"display:block; width:5em; height:auto;\"src=\"https:\/\/nevi-evy.eu\/web\/wp-content\/plugins\/svg-flags-lite\/assets\/flag-icon-css\/flags\/4x3\/ro.svg\"><\/span><span style=\"color: #3c434a; font-family: Arial; font-size: 13px;\">Ini\u021biativa NEETcraft: Inova\u021bii pentru Capacitarea Tinerilor cu Dizabilit\u0103\u021bi<\/span><\/p>\n\n\n<\/body>","protected":false},"excerpt":{"rendered":"","protected":false},"author":1,"featured_media":0,"parent":0,"menu_order":0,"comment_status":"closed","ping_status":"closed","template":"","meta":{"om_disable_all_campaigns":false,"pagelayer_contact_templates":[],"_pagelayer_content":"","footnotes":""},"class_list":["post-51","page","type-page","status-publish","hentry"],"_links":{"self":[{"href":"https:\/\/nevi-evy.eu\/web\/wp-json\/wp\/v2\/pages\/51","targetHints":{"allow":["GET"]}}],"collection":[{"href":"https:\/\/nevi-evy.eu\/web\/wp-json\/wp\/v2\/pages"}],"about":[{"href":"https:\/\/nevi-evy.eu\/web\/wp-json\/wp\/v2\/types\/page"}],"author":[{"embeddable":true,"href":"https:\/\/nevi-evy.eu\/web\/wp-json\/wp\/v2\/users\/1"}],"replies":[{"embeddable":true,"href":"https:\/\/nevi-evy.eu\/web\/wp-json\/wp\/v2\/comments?post=51"}],"version-history":[{"count":5,"href":"https:\/\/nevi-evy.eu\/web\/wp-json\/wp\/v2\/pages\/51\/revisions"}],"predecessor-version":[{"id":427,"href":"https:\/\/nevi-evy.eu\/web\/wp-json\/wp\/v2\/pages\/51\/revisions\/427"}],"wp:attachment":[{"href":"https:\/\/nevi-evy.eu\/web\/wp-json\/wp\/v2\/media?parent=51"}],"curies":[{"name":"wp","href":"https:\/\/api.w.org\/{rel}","templated":true}]}}